{"id":22410,"date":"2025-09-30T14:47:36","date_gmt":"2025-09-30T17:47:36","guid":{"rendered":"https:\/\/sejuri.sc.gov.br\/?page_id=22410"},"modified":"2025-10-06T15:52:08","modified_gmt":"2025-10-06T18:52:08","slug":"protecao-de-dados-pessoais","status":"publish","type":"page","link":"https:\/\/www.sap.sc.gov.br\/en\/protecao-de-dados-pessoais\/","title":{"rendered":"Prote\u00e7\u00e3o de Dados Pessoais"},"content":{"rendered":"<div data-elementor-type=\"wp-page\" data-elementor-id=\"22410\" class=\"elementor elementor-22410\" data-elementor-settings=\"{&quot;ha_cmc_init_switcher&quot;:&quot;no&quot;}\">\n\t\t\t\t<div class=\"elementor-element elementor-element-81a5be5 e-flex e-con-boxed e-con e-parent\" data-id=\"81a5be5\" data-element_type=\"container\" data-settings=\"{&quot;_ha_eqh_enable&quot;:false}\">\n\t\t\t\t\t<div class=\"e-con-inner\">\n\t\t<div class=\"elementor-element elementor-element-a17067a e-grid e-con-full e-con e-child\" data-id=\"a17067a\" data-element_type=\"container\" data-settings=\"{&quot;_ha_eqh_enable&quot;:false}\">\n\t\t\t\t<div class=\"elementor-element elementor-element-7a9d9de ha-has-bg-overlay elementor-widget elementor-widget-text-editor\" data-id=\"7a9d9de\" data-element_type=\"widget\" data-widget_type=\"text-editor.default\">\n\t\t\t\t<div class=\"elementor-widget-container\">\n\t\t\t\t\t\t\t\t\t<p style=\"font-size: 18px; color: #eeeeee; font-family: 'Montserrat'; line-height: 1; margin-bottom: 0;\">Prote\u00e7\u00e3o de<\/p>\n<p style=\"font-size: 40px; color: #eeeeee; font-weight: bold; line-height: 1;\">Dados Pessoais<\/p>\n<p style=\"color: #eeeeee;\">Nossa institui\u00e7\u00e3o est\u00e1 se adequando, conjuntamente com os demais \u00f3rg\u00e3os e entidades do Poder Executivo Estadual de Santa Catarina, \u00e0 Lei federal n\u00ba 13.709, de 14 de agosto de 2018 &#8211; Lei Geral de Prote\u00e7\u00e3o de Dados (LGPD) e ao Decreto n\u00ba 1.184, de 1\u00ba de mar\u00e7o de 2021, quanto a mecanismos de tratamento e prote\u00e7\u00e3o dos dados pessoais<\/p>\n<p style=\"color: #eeeeee;\">Para tratar do tema em \u00e2mbito estadual, foi institu\u00eddo o Comit\u00ea Gestor de Prote\u00e7\u00e3o de Dados (CGPD), criado por meio do Decreto n\u00ba 844, de 18 de setembro de 2020 e respons\u00e1vel pela avalia\u00e7\u00e3o dos mecanismos de tratamento e prote\u00e7\u00e3o dos dados pessoais. Mais informa\u00e7\u00f5es sobre o CGPD, <b>acesse:<\/b><\/p>\n<p style=\"color: #eeeeee; font-size: 30px;\"><i class=\"hm hm-globe3\" style=\"width: 50px;\" aria-hidden=\"true\"><\/i>\u00a0<a style=\"color: #eeeeee; font-size: 16px; position: relative; top: -7px;\" href=\"https:\/\/www.scti.sc.gov.br\/comite-gestor-de-protecao-de-dados\/\">Comit\u00ea Gestor de Prote\u00e7\u00e3o de Dados<\/a><\/p>\t\t\t\t\t\t\t\t<\/div>\n\t\t\t\t<\/div>\n\t\t\t\t<div class=\"elementor-element elementor-element-35dc723 ha-has-bg-overlay elementor-widget elementor-widget-text-editor\" data-id=\"35dc723\" data-element_type=\"widget\" data-widget_type=\"text-editor.default\">\n\t\t\t\t<div class=\"elementor-widget-container\">\n\t\t\t\t\t\t\t\t\t<p style=\"font-size: 18px; color: #333333; font-family: 'Montserrat'; line-height: 1; margin-bottom: 0;\">Atendimento aos Titulares de<\/p><p style=\"font-size: 40px; color: #333333; font-weight: bold; line-height: 1;\">Dados Pessoais<\/p><p style=\"color: #333333;\">A Lei Geral de Prote\u00e7\u00e3o de Dados Pessoais indica em seu artigo 18 quais s\u00e3o os direitos que o titular dos dados possui e que podem ser exercidos mediante a solicita\u00e7\u00e3o ao controlador dos dados pessoais.<\/p><p style=\"color: #333333;\">Para fazer uma solicita\u00e7\u00e3o \u00e9 necess\u00e1rio possuir cadastro na plataforma <a style=\"color: #c4000b;\" href=\"https:\/\/www.gov.br\/governodigital\/pt-br\/identidade\/conta-gov-br\" target=\"_blank\" rel=\"noopener\">GOV.BR<\/a> e realizar o preenchimento do formul\u00e1rio digital on-line. Todos os campos obrigat\u00f3rios do formul\u00e1rio devem ser preenchidos para que a solicita\u00e7\u00e3o seja conclu\u00edda.<\/p><p style=\"color: #333333; font-size: 30px;\"><i class=\"hm hm-globe3\" style=\"width: 50px;\" aria-hidden=\"true\"><\/i><a href=\"https:\/\/www.sc.gov.br\/servicos\/solicitar-atendimento-lgpd\">\u00a0Acesse aqui para solicitar<\/a><\/p>\t\t\t\t\t\t\t\t<\/div>\n\t\t\t\t<\/div>\n\t\t\t\t<\/div>\n\t\t\t\t\t<\/div>\n\t\t\t\t<\/div>\n\t\t<div class=\"elementor-element elementor-element-3197ce8 e-grid e-con-boxed e-con e-parent\" data-id=\"3197ce8\" data-element_type=\"container\" data-settings=\"{&quot;background_background&quot;:&quot;classic&quot;,&quot;_ha_eqh_enable&quot;:false}\">\n\t\t\t\t\t<div class=\"e-con-inner\">\n\t\t<div class=\"elementor-element elementor-element-2883e32 e-grid e-con-boxed e-con e-child\" data-id=\"2883e32\" data-element_type=\"container\" data-settings=\"{&quot;background_background&quot;:&quot;classic&quot;,&quot;_ha_eqh_enable&quot;:false}\">\n\t\t\t\t\t<div class=\"e-con-inner\">\n\t\t\t\t<div class=\"elementor-element elementor-element-4293f59 ha-has-bg-overlay elementor-widget elementor-widget-text-editor\" data-id=\"4293f59\" data-element_type=\"widget\" data-widget_type=\"text-editor.default\">\n\t\t\t\t<div class=\"elementor-widget-container\">\n\t\t\t\t\t\t\t\t\t<p style=\"font-size: 18px; color: #333333; font-family: 'Montserrat'; line-height: 1; margin-bottom: 0;\">Encarregado pelo Tratamento de<\/p>\n<p style=\"font-size: 40px; color: #333333; font-weight: bold; line-height: 1;\">Dados Pessoais<\/p>\n<p style=\"color: #333333;\">O Encarregado pelo tratamento de dados pessoais \u00e9 quem ir\u00e1 atuar como canal de comunica\u00e7\u00e3o entre o controlador, os titulares dos dados e a Autoridade  Nacional de Prote\u00e7\u00e3o de Dados (ANPD).<\/p>\t\t\t\t\t\t\t\t<\/div>\n\t\t\t\t<\/div>\n\t\t\t\t<div class=\"elementor-element elementor-element-488dd93 ha-has-bg-overlay elementor-widget elementor-widget-text-editor\" data-id=\"488dd93\" data-element_type=\"widget\" data-widget_type=\"text-editor.default\">\n\t\t\t\t<div class=\"elementor-widget-container\">\n\t\t\t\t\t\t\t\t\t<i style=\"font-size: 35px; float: left\" class=\"icon icon-user-2\" aria-hidden=\"true\"><\/i><p style=\"color: #333333; line-height: 1.4; margin: 0\"><b>Nome do Encarregado:<\/b><\/p>\n<p style=\"color: #333333; line-height: 1.4\">Jos\u00e9 Roberto Soares<\/p>\n\n<i style=\"font-size: 35px; float: left; padding-right: 5px;\" class=\"hm hm-newspaper\" aria-hidden=\"true\"><\/i><p style=\"color: #333333; line-height: 1.4; margin: 0\"><b>Ato:<\/b><\/p>\n<p style=\"color: #333333; line-height: 1.4\">N\u00ba 1945\/2025, DOE N\u00ba 22588-A<\/p>\n\n<i style=\"font-size: 35px; float: left; padding-right: 5px;\" class=\"icon icon-phone\" aria-hidden=\"true\"><\/i><p style=\"color: #333333; line-height: 1.4; margin: 0\"><b>Telefone:<\/b><\/p>\n<p style=\"color: #333333; line-height: 1.4\">(48) 3664-5818<\/p>\n\n<i style=\"font-size: 35px; float: left; padding-right: 5px;\" class=\"icon icon-email\" aria-hidden=\"true\"><\/i><p style=\"color: #333333; line-height: 1.4; margin: 0\"><b>E-mail:<\/b><\/p>\n<p style=\"color: #333333; line-height: 1.4\">dpo@sejuri.sc.gov.br<\/p>\n\n<i style=\"font-size: 35px; float: left; padding-right: 5px;\" class=\"icon icon-map-marker1\" aria-hidden=\"true\"><\/i><p style=\"color: #333333; line-height: 1.4; margin: 0\"><b>Endere\u00e7o:<\/b><\/p>\n<p style=\"color: #333333; line-height: 1.4; margin-left: 40px;\">Secretaria de Estado da Administra\u00e7\u00e3o Prisional e Socioeducativa<br \/>\nRua Fulvio Aducci, 1214 \u2013 Loja 06 \u2013 Estreito<br \/>\nFlorian\u00f3polis \u2013 SC &#8211; CEP 88.075-000<\/p>\t\t\t\t\t\t\t\t<\/div>\n\t\t\t\t<\/div>\n\t\t\t\t\t<\/div>\n\t\t\t\t<\/div>\n\t\t\t\t\t<\/div>\n\t\t\t\t<\/div>\n\t\t\t\t<\/div>","protected":false},"excerpt":{"rendered":"<p>Prote\u00e7\u00e3o de Dados Pessoais Nossa institui\u00e7\u00e3o est\u00e1 se adequando, conjuntamente com os demais \u00f3rg\u00e3os e entidades do Poder Executivo Estadual de Santa Catarina, \u00e0 Lei federal n\u00ba 13.709, de 14 de agosto de 2018 &#8211; Lei Geral de Prote\u00e7\u00e3o de Dados (LGPD) e ao Decreto n\u00ba 1.184, de 1\u00ba de mar\u00e7o de 2021, quanto a [&hellip;]<\/p>\n","protected":false},"author":5,"featured_media":0,"parent":0,"menu_order":0,"comment_status":"closed","ping_status":"closed","template":"template-fullwidth.php","meta":{"_monsterinsights_skip_tracking":false,"_monsterinsights_sitenote_active":false,"_monsterinsights_sitenote_note":"","_monsterinsights_sitenote_category":0,"footnotes":"","_wp_rev_ctl_limit":""},"categories":[1255],"tags":[],"publishpress_future_action":{"enabled":false,"date":"2026-04-14 03:21:38","action":"change-status","newStatus":"draft","terms":[],"taxonomy":"category"},"publishpress_future_workflow_manual_trigger":{"enabledWorkflows":[]},"_links":{"self":[{"href":"https:\/\/www.sap.sc.gov.br\/en\/wp-json\/wp\/v2\/pages\/22410"}],"collection":[{"href":"https:\/\/www.sap.sc.gov.br\/en\/wp-json\/wp\/v2\/pages"}],"about":[{"href":"https:\/\/www.sap.sc.gov.br\/en\/wp-json\/wp\/v2\/types\/page"}],"author":[{"embeddable":true,"href":"https:\/\/www.sap.sc.gov.br\/en\/wp-json\/wp\/v2\/users\/5"}],"replies":[{"embeddable":true,"href":"https:\/\/www.sap.sc.gov.br\/en\/wp-json\/wp\/v2\/comments?post=22410"}],"version-history":[{"count":0,"href":"https:\/\/www.sap.sc.gov.br\/en\/wp-json\/wp\/v2\/pages\/22410\/revisions"}],"wp:attachment":[{"href":"https:\/\/www.sap.sc.gov.br\/en\/wp-json\/wp\/v2\/media?parent=22410"}],"wp:term":[{"taxonomy":"category","embeddable":true,"href":"https:\/\/www.sap.sc.gov.br\/en\/wp-json\/wp\/v2\/categories?post=22410"},{"taxonomy":"post_tag","embeddable":true,"href":"https:\/\/www.sap.sc.gov.br\/en\/wp-json\/wp\/v2\/tags?post=22410"}],"curies":[{"name":"wp","href":"https:\/\/api.w.org\/{rel}","templated":true}]}}