{"id":17947,"date":"2024-04-18T17:38:46","date_gmt":"2024-04-18T20:38:46","guid":{"rendered":"https:\/\/sap-prod.apps.okd4.ciasc.sc.gov.br\/?page_id=17947"},"modified":"2025-06-26T11:29:29","modified_gmt":"2025-06-26T14:29:29","slug":"nuproc","status":"publish","type":"page","link":"https:\/\/www.sap.sc.gov.br\/en\/nuproc\/","title":{"rendered":"NUPROC"},"content":{"rendered":"<div data-elementor-type=\"wp-page\" data-elementor-id=\"17947\" class=\"elementor elementor-17947\" data-elementor-settings=\"{&quot;ha_cmc_init_switcher&quot;:&quot;no&quot;}\">\n\t\t\t\t<div class=\"elementor-element elementor-element-7d646ad e-flex e-con-boxed e-con e-parent\" data-id=\"7d646ad\" data-element_type=\"container\" data-settings=\"{&quot;_ha_eqh_enable&quot;:false}\">\n\t\t\t\t\t<div class=\"e-con-inner\">\n\t\t\t\t<div class=\"elementor-element elementor-element-978bb80 elementor-widget elementor-widget-heading\" data-id=\"978bb80\" data-element_type=\"widget\" data-widget_type=\"heading.default\">\n\t\t\t\t<div class=\"elementor-widget-container\">\n\t\t\t\t\t<h2 class=\"elementor-heading-title elementor-size-default\">N\u00daCLEO DE GEST\u00c3O DE PROCESSOS<\/h2>\t\t\t\t<\/div>\n\t\t\t\t<\/div>\n\t\t\t\t\t<\/div>\n\t\t\t\t<\/div>\n\t\t<div class=\"elementor-element elementor-element-be2f467 e-flex e-con-boxed e-con e-parent\" data-id=\"be2f467\" data-element_type=\"container\" data-settings=\"{&quot;_ha_eqh_enable&quot;:false}\">\n\t\t\t\t\t<div class=\"e-con-inner\">\n\t\t\t\t<div class=\"elementor-element elementor-element-14ad5c1 elementor-widget elementor-widget-text-editor\" data-id=\"14ad5c1\" data-element_type=\"widget\" data-widget_type=\"text-editor.default\">\n\t\t\t\t<div class=\"elementor-widget-container\">\n\t\t\t\t\t\t\t\t\t<div>O N\u00facleo de Gest\u00e3o de Processos (<span class=\"il\">NUPROC<\/span>\/SAP), formalmente institu\u00eddo por meio da Portaria n\u00ba 1455\/GABS\/SAP, tem como compet\u00eancia a melhoria de processos dentro de uma organiza\u00e7\u00e3o, entendendo-se como processos o fluxo constante de atividades que a organiza\u00e7\u00e3o desempenha em sua vis\u00e3o macro ou entre as unidades organizacionais que a comp\u00f5em. Assim, o\u00a0<span class=\"il\">NUPROC<\/span>\/SAP possui uma ampla gama de responsabilidades, desde a execu\u00e7\u00e3o de iniciativas de melhoria de processos por meio do ciclo de aprimoramento e transforma\u00e7\u00e3o, at\u00e9 o levantamento e prioriza\u00e7\u00e3o estrat\u00e9gica de processos. Al\u00e9m disso, o\u00a0<span class=\"il\">NUPROC<\/span>\/SAP desempenha um papel crucial na elabora\u00e7\u00e3o da arquitetura de processos e na defini\u00e7\u00e3o da cadeia de valor da institui\u00e7\u00e3o. O n\u00facleo opera no \u00e2mbito da SAP, atuando de maneira coordenada e orientada pelo Eproc\/Seplan, cuja finalidade principal \u00e9 a contribui\u00e7\u00e3o para a melhoria de processos e, por consequ\u00eancia, a efici\u00eancia e efic\u00e1cia da gest\u00e3o de processos dentro da organiza\u00e7\u00e3o.<\/div><div>O principal documento normativo \u00e9 o Modelo de Governan\u00e7a por Processos, embasado na Lei Complementar n\u00ba 741\/2019 \u2013 em seu artigo 1\u00ba, \u00a7 2\u00ba \u2013 que estabelece o modelo de gest\u00e3o da Administra\u00e7\u00e3o P\u00fablica Estadual, \u201cpautado na transpar\u00eancia, no controle administrativo, na integridade, na governan\u00e7a e na inova\u00e7\u00e3o, objetivando a redu\u00e7\u00e3o de despesas, o amplo acesso pela sociedade, a melhoria da qualidade dos servi\u00e7os p\u00fablicos e a forma\u00e7\u00e3o priorit\u00e1ria de parcerias entre o Estado e a sociedade\u201d.<\/div><div>Processo SGPe:\u00a0<b>SAP 00132865\/2022.<\/b><\/div>\t\t\t\t\t\t\t\t<\/div>\n\t\t\t\t<\/div>\n\t\t\t\t\t<\/div>\n\t\t\t\t<\/div>\n\t\t<div class=\"elementor-element elementor-element-b929fd8 e-con-full e-flex e-con e-parent\" data-id=\"b929fd8\" data-element_type=\"container\" data-settings=\"{&quot;_ha_eqh_enable&quot;:false}\">\n\t\t\t\t<div class=\"elementor-element elementor-element-114dd1e elementor-widget elementor-widget-image\" data-id=\"114dd1e\" data-element_type=\"widget\" data-widget_type=\"image.default\">\n\t\t\t\t<div class=\"elementor-widget-container\">\n\t\t\t\t\t\t\t\t\t\t\t\t\t\t\t\t<a href=\"https:\/\/sejuri.sc.gov.br\/download\/cadeia-de-valor-e-arquitetura-de-processos-3\/\">\n\t\t\t\t\t\t\t<img fetchpriority=\"high\" decoding=\"async\" width=\"1149\" height=\"400\" src=\"https:\/\/www.sap.sc.gov.br\/wp-content\/uploads\/2025\/03\/icone.png\" class=\"attachment-1536x1536 size-1536x1536 wp-image-20730\" alt=\"\" srcset=\"https:\/\/www.sap.sc.gov.br\/wp-content\/uploads\/2025\/03\/icone.png 1149w, https:\/\/www.sap.sc.gov.br\/wp-content\/uploads\/2025\/03\/icone-300x104.png 300w, https:\/\/www.sap.sc.gov.br\/wp-content\/uploads\/2025\/03\/icone-1024x356.png 1024w, https:\/\/www.sap.sc.gov.br\/wp-content\/uploads\/2025\/03\/icone-768x267.png 768w\" sizes=\"(max-width: 1149px) 100vw, 1149px\" \/>\t\t\t\t\t\t\t\t<\/a>\n\t\t\t\t\t\t\t\t\t\t\t\t\t\t\t<\/div>\n\t\t\t\t<\/div>\n\t\t\t\t<\/div>\n\t\t<div class=\"elementor-element elementor-element-5e217e4 e-flex e-con-boxed e-con e-parent\" data-id=\"5e217e4\" data-element_type=\"container\" data-settings=\"{&quot;_ha_eqh_enable&quot;:false}\">\n\t\t\t\t\t<div class=\"e-con-inner\">\n\t\t\t\t<div class=\"elementor-element elementor-element-5dd7823 elementor-widget elementor-widget-text-editor\" data-id=\"5dd7823\" data-element_type=\"widget\" data-widget_type=\"text-editor.default\">\n\t\t\t\t<div class=\"elementor-widget-container\">\n\t\t\t\t\t\t\t\t\t<h3><strong>Reposit\u00f3rio oficial dos processos mapeados <\/strong><\/h3><p>Os processos mapeados pelo N\u00facleo s\u00e3o publicados no Portal Oficial de Processos de Neg\u00f3cio do Poder Executivo de Santa Catarina, plataforma oficial de divulga\u00e7\u00e3o de processos. Este portal visa fortalecer a transpar\u00eancia e o controle social no Estado, al\u00e9m de atuar como uma ferramenta para centralizar e compartilhar os processos de neg\u00f3cio do Poder Executivo estadual, consolidando-o como um Reposit\u00f3rio de Gest\u00e3o do Conhecimento.<\/p>\t\t\t\t\t\t\t\t<\/div>\n\t\t\t\t<\/div>\n\t\t\t\t\t<\/div>\n\t\t\t\t<\/div>\n\t\t<div class=\"elementor-element elementor-element-d183526 e-con-full e-flex e-con e-parent\" data-id=\"d183526\" data-element_type=\"container\" data-settings=\"{&quot;_ha_eqh_enable&quot;:false}\">\n\t\t\t\t<div class=\"elementor-element elementor-element-5f40205 elementor-widget elementor-widget-image\" data-id=\"5f40205\" data-element_type=\"widget\" data-widget_type=\"image.default\">\n\t\t\t\t<div class=\"elementor-widget-container\">\n\t\t\t\t\t\t\t\t\t\t\t\t\t\t\t\t<a href=\"https:\/\/ppn.sc.gov.br\/dataset\/?q=sap\">\n\t\t\t\t\t\t\t<img decoding=\"async\" width=\"500\" height=\"200\" src=\"https:\/\/www.sap.sc.gov.br\/wp-content\/uploads\/2024\/10\/2023-08-01-173255.174248ppn-logo.png\" class=\"attachment-1536x1536 size-1536x1536 wp-image-20003\" alt=\"\" srcset=\"https:\/\/www.sap.sc.gov.br\/wp-content\/uploads\/2024\/10\/2023-08-01-173255.174248ppn-logo.png 500w, https:\/\/www.sap.sc.gov.br\/wp-content\/uploads\/2024\/10\/2023-08-01-173255.174248ppn-logo-300x120.png 300w\" sizes=\"(max-width: 500px) 100vw, 500px\" \/>\t\t\t\t\t\t\t\t<\/a>\n\t\t\t\t\t\t\t\t\t\t\t\t\t\t\t<\/div>\n\t\t\t\t<\/div>\n\t\t\t\t<\/div>\n\t\t\t\t<\/div>","protected":false},"excerpt":{"rendered":"<p>N\u00daCLEO DE GEST\u00c3O DE PROCESSOS O N\u00facleo de Gest\u00e3o de Processos (NUPROC\/SAP), formalmente institu\u00eddo por meio da Portaria n\u00ba 1455\/GABS\/SAP, tem como compet\u00eancia a melhoria de processos dentro de uma organiza\u00e7\u00e3o, entendendo-se como processos o fluxo constante de atividades que a organiza\u00e7\u00e3o desempenha em sua vis\u00e3o macro ou entre as unidades organizacionais que a comp\u00f5em. [&hellip;]<\/p>\n","protected":false},"author":9,"featured_media":0,"parent":0,"menu_order":0,"comment_status":"closed","ping_status":"closed","template":"template-fullwidth.php","meta":{"_monsterinsights_skip_tracking":false,"_monsterinsights_sitenote_active":false,"_monsterinsights_sitenote_note":"","_monsterinsights_sitenote_category":0,"footnotes":"","_wp_rev_ctl_limit":""},"categories":[1255],"tags":[],"publishpress_future_action":{"enabled":false,"date":"2026-04-22 02:39:36","action":"change-status","newStatus":"draft","terms":[],"taxonomy":"category"},"publishpress_future_workflow_manual_trigger":{"enabledWorkflows":[]},"_links":{"self":[{"href":"https:\/\/www.sap.sc.gov.br\/en\/wp-json\/wp\/v2\/pages\/17947"}],"collection":[{"href":"https:\/\/www.sap.sc.gov.br\/en\/wp-json\/wp\/v2\/pages"}],"about":[{"href":"https:\/\/www.sap.sc.gov.br\/en\/wp-json\/wp\/v2\/types\/page"}],"author":[{"embeddable":true,"href":"https:\/\/www.sap.sc.gov.br\/en\/wp-json\/wp\/v2\/users\/9"}],"replies":[{"embeddable":true,"href":"https:\/\/www.sap.sc.gov.br\/en\/wp-json\/wp\/v2\/comments?post=17947"}],"version-history":[{"count":0,"href":"https:\/\/www.sap.sc.gov.br\/en\/wp-json\/wp\/v2\/pages\/17947\/revisions"}],"wp:attachment":[{"href":"https:\/\/www.sap.sc.gov.br\/en\/wp-json\/wp\/v2\/media?parent=17947"}],"wp:term":[{"taxonomy":"category","embeddable":true,"href":"https:\/\/www.sap.sc.gov.br\/en\/wp-json\/wp\/v2\/categories?post=17947"},{"taxonomy":"post_tag","embeddable":true,"href":"https:\/\/www.sap.sc.gov.br\/en\/wp-json\/wp\/v2\/tags?post=17947"}],"curies":[{"name":"wp","href":"https:\/\/api.w.org\/{rel}","templated":true}]}}